{"id":1367,"date":"2019-05-03T13:37:49","date_gmt":"2019-05-03T16:37:49","guid":{"rendered":"https:\/\/www.taradhatusulamerica.com.br\/?page_id=1367"},"modified":"2025-06-06T12:44:29","modified_gmt":"2025-06-06T15:44:29","slug":"programa-educacional","status":"publish","type":"page","link":"https:\/\/www.taradhatusulamerica.com.br\/es\/programa-educacional\/","title":{"rendered":"Descripci\u00f3n del Programa Educacional"},"content":{"rendered":"<p>&nbsp;<\/p>\n<p><a href=\"https:\/\/www.taradhatusulamerica.com.br\/es\/programa-educacional\/tdsa-tdep-spanish\/\" rel=\"attachment wp-att-14773\"><img loading=\"lazy\" decoding=\"async\" class=\"aligncenter size-full wp-image-14773\" src=\"data:image\/gif;base64,R0lGODlhAQABAAAAACH5BAEKAAEALAAAAAABAAEAAAICTAEAOw==\" data-layzr=\"https:\/\/www.taradhatusulamerica.com.br\/wp-content\/uploads\/2025\/06\/TDSA-TDEP.spanish.jpeg\" alt=\"\" width=\"640\" height=\"278\" \/><\/a><\/p>\n<p><span style=\"font-weight: 400;\">El <\/span><b>TDSAPE<\/b><span style=\"font-weight: 400;\"> ofrece cursos de meditaci\u00f3n, danza, m\u00fasica y desarrollo espiritual para profundizar en la comprensi\u00f3n de la Pr\u00e1ctica de Tara. Las personas interesadas pueden afiliarse al programa, buscando crecimiento espiritual individual, o con el prop\u00f3sito de ser un(a) profesor(a) de las Danzas de Tara.<\/span><\/p>\n<p><span style=\"font-weight: 400;\">Este programa fue elaborado para ofrecer apoyo y orientaci\u00f3n necesaria para mantener la integridad de las pr\u00e1cticas de Tara. Por el hecho de que esta pr\u00e1ctica est\u00e9 basada en las t\u00e9cnicas de entrenamiento de la mente tradicionales del Budismo Tibetano, ciertas ideas filos\u00f3ficas, estilo de vida y compromisos, hacen parte de este programa. <\/span><\/p>\n<p><span style=\"font-weight: 400;\">Cuando nos encontramos con algo que nos inspira y nos eleva, tenemos un deseo natural de profundizar y transmitir esa experiencia. Desarrollamos TDSAPE para ayudar a las personas que probaron el profundo despertar y empoderamiento, resultantes de la Pr\u00e1ctica de Tara y que tambi\u00e9n desean un compromiso con la organizaci\u00f3n.<\/span><\/p>\n<p><span style=\"font-weight: 400;\">Prema Dasara (EEUU) es la Directora del Programa Educacional, y la principal profesora de las danzas y las pr\u00e1cticas de entrenamiento de la mente. Myri Dakini Naves es la Directora Asistente del Programa Educacional. Ella es una mentora realizada, y gu\u00eda de todas las Danzas de Tara y de las pr\u00e1cticas de danzas. Myri vive en Brasil, est\u00e1 disponible para guiar cada paso del programa para los residentes en Am\u00e9rica del Sur y las que hablan espa\u00f1ol o portugu\u00e9s.<\/span><\/p>\n<p><img loading=\"lazy\" decoding=\"async\" class=\"aligncenter size-medium wp-image-1106\" src=\"data:image\/gif;base64,R0lGODlhAQABAAAAACH5BAEKAAEALAAAAAABAAEAAAICTAEAOw==\" data-layzr=\"https:\/\/www.taradhatusulamerica.com.br\/wp-content\/uploads\/2019\/04\/TDSA-Mulheres-300x268.jpg\" alt=\"\" width=\"300\" height=\"268\" \/><\/p>\n<p><img loading=\"lazy\" decoding=\"async\" class=\"aligncenter wp-image-886\" src=\"data:image\/gif;base64,R0lGODlhAQABAAAAACH5BAEKAAEALAAAAAABAAEAAAICTAEAOw==\" data-layzr=\"https:\/\/www.taradhatusulamerica.com.br\/wp-content\/uploads\/2019\/04\/lotus.png\" alt=\"\" width=\"101\" height=\"75\" \/><\/p>\n","protected":false},"excerpt":{"rendered":"<p>&nbsp; El TDSAPE ofrece cursos de meditaci\u00f3n, danza, m\u00fasica y desarrollo espiritual para profundizar en la comprensi\u00f3n de la Pr\u00e1ctica de Tara. Las personas interesadas pueden afiliarse al programa, buscando crecimiento espiritual individual, o con el prop\u00f3sito de ser un(a) profesor(a) de las Danzas de Tara. Este programa fue elaborado para ofrecer apoyo y orientaci\u00f3n necesaria para mantener la integridad de las pr\u00e1cticas de Tara. Por el hecho de que esta pr\u00e1ctica est\u00e9 basada en las t\u00e9cnicas de entrenamiento de la mente tradicionales del Budismo Tibetano, ciertas ideas filos\u00f3ficas, estilo de vida y compromisos, hacen parte de este programa. Cuando <\/p>\n","protected":false},"author":7,"featured_media":0,"parent":0,"menu_order":0,"comment_status":"closed","ping_status":"closed","template":"","meta":{"footnotes":""},"class_list":["post-1367","page","type-page","status-publish","hentry"],"_links":{"self":[{"href":"https:\/\/www.taradhatusulamerica.com.br\/es\/wp-json\/wp\/v2\/pages\/1367","targetHints":{"allow":["GET"]}}],"collection":[{"href":"https:\/\/www.taradhatusulamerica.com.br\/es\/wp-json\/wp\/v2\/pages"}],"about":[{"href":"https:\/\/www.taradhatusulamerica.com.br\/es\/wp-json\/wp\/v2\/types\/page"}],"author":[{"embeddable":true,"href":"https:\/\/www.taradhatusulamerica.com.br\/es\/wp-json\/wp\/v2\/users\/7"}],"replies":[{"embeddable":true,"href":"https:\/\/www.taradhatusulamerica.com.br\/es\/wp-json\/wp\/v2\/comments?post=1367"}],"version-history":[{"count":2,"href":"https:\/\/www.taradhatusulamerica.com.br\/es\/wp-json\/wp\/v2\/pages\/1367\/revisions"}],"predecessor-version":[{"id":14776,"href":"https:\/\/www.taradhatusulamerica.com.br\/es\/wp-json\/wp\/v2\/pages\/1367\/revisions\/14776"}],"wp:attachment":[{"href":"https:\/\/www.taradhatusulamerica.com.br\/es\/wp-json\/wp\/v2\/media?parent=1367"}],"curies":[{"name":"wp","href":"https:\/\/api.w.org\/{rel}","templated":true}]}}