{"id":3810,"date":"2019-08-07T12:48:33","date_gmt":"2019-08-07T15:48:33","guid":{"rendered":"https:\/\/www.taradhatusulamerica.com.br\/?page_id=3810"},"modified":"2020-01-04T12:23:08","modified_gmt":"2020-01-04T15:23:08","slug":"homepage","status":"publish","type":"page","link":"https:\/\/www.taradhatusulamerica.com.br\/es\/","title":{"rendered":"Homepage"},"content":{"rendered":"<p style=\"text-align: center;\"><\/p>\n<h2 style=\"text-align: center;\"><strong>Danzar la Diosa Tara<br \/>\nen el Esp\u00edrito del Amor, Armon\u00eda y Belleza!<\/strong><\/h2>\n<p style=\"text-align: center;\"><strong>Om Tare! Sanar la tierra, traer la paz. <\/strong><br \/>\n\u200b\u200b\u200b\u200b\u200b\u200b\u200b<\/p>\n<p style=\"text-align: center;\"><em>Madre Divina,<\/em><br \/>\n<em>Su reino del Femenino iluminado<\/em><br \/>\n<em>Ofr\u00e9cenos soporte como la tierra fuerte y poderosa<\/em><br \/>\n<em>B\u00e1\u00f1anos como un oc\u00e9ano celestial<\/em><br \/>\n<em>Ilum\u00ednanos como el fuego en la oscuridad de la noche<\/em><br \/>\n<em>Refr\u00e9scanos como una brisa de primavera<\/em><br \/>\n<em>En la vastedad de su amor infinito encontramos nuestro camino<\/em><br \/>\n<em>Para la plenitud en alegre entrega<\/em><br \/>\n<em>Unimos corazones y bailamos<\/em><\/p>\n<p>Nuestro llamado es para estar juntas, y acumular nuestras aspiraciones. Como mujeres, tenemos que autoempoderarnos y permitir que nuestras voces seas escuchadas.<br \/>\nComo seres humanos, tenemos esta tremenda oportunidad de bendecir nuestro mundo y enviar esa energ\u00eda que puede transformar, no s\u00f3lo nuestra consciencia, sino que tambi\u00e9n, a nuestras familias, comunidad, nuestro pa\u00eds y nuestro mundo.<br \/>\nEsto es un gran acto de generosidad al mundo. Creamos una tremenda energ\u00eda en nuestras vidas, en la vida de quien tocamos y ciertamente para quien venga.<\/p>\n<p>C\u00edrculos de bailarinas en todo el mundo se re\u00fanen para danzar la Diosa y celebrar, alcanzando en s\u00ed mismo el equilibrio de su lado femenino y de su naturaleza, que ha sido negado, y reprimido por el miedo y la ignorancia.<br \/>\nCuando nos sumergimos profundamente en las pr\u00e1cticas de entrenamiento de la mente, que liberan la consciencia, estudiando las tradiciones budistas tibetanas y pr\u00e1cticas auxiliares; reivindicamos nuestro poder y desarrollamos nuestro potencial humano.<\/p>\n<p style=\"text-align: center;\"><strong>\u00a1\u00danase a nosotras para danzar la Diosa y orar por la paz en nuestras familias, nuestras comunidades, nuestros pa\u00edses y nuestro mundo!<\/strong><\/p>\n<div class=\"divider\"><\/div>\n<div class=\"one_half\"><\/p>\n<h3>Videos<\/h3>\n<p><\/p>\n<p>\n            <div class=\"double-column cf\">\n                <div class=\"col-left\"><\/p>\n<div style=\"text-align:right\"><a href=\"https:\/\/www.youtube.com\/user\/TaraDhatuSulAmerica1\" target=\"_blank\" class=\"button-style-css button-style-css-small button-style-css-red\"><span>Ver m\u00e1s en YouTube<\/span><\/a><\/div>\n<p>\n<\/div>\n                <div class=\"col-right\"><\/p>\n<div style=\"text-align:left\"><a href=\"https:\/\/www.taradhatusulamerica.com.br\/videos\/\" target=\"_blank\" class=\"button-style-css button-style-css-small button-style-css-blue\"><span>Ver todo<\/span><\/a><\/div>\n<p>\n<\/div>\n            <\/div><\/p>\n<p><\/div>\n<div class=\"one_half column-last\"><\/p>\n<h3>Ultimas noticias<\/h3>\n<p><\/p>\n<p><\/div><div class=\"clear\"><\/div>\n","protected":false},"excerpt":{"rendered":"<p>Danzar la Diosa Tara en el Esp\u00edrito del Amor, Armon\u00eda y Belleza! Om Tare! Sanar la tierra, traer la paz. \u200b\u200b\u200b\u200b\u200b\u200b\u200b Madre Divina, Su reino del Femenino iluminado Ofr\u00e9cenos soporte como la tierra fuerte y poderosa B\u00e1\u00f1anos como un oc\u00e9ano celestial Ilum\u00ednanos como el fuego en la oscuridad de la noche Refr\u00e9scanos como una brisa de primavera En la vastedad de su amor infinito encontramos nuestro camino Para la plenitud en alegre entrega Unimos corazones y bailamos Nuestro llamado es para estar juntas, y acumular nuestras aspiraciones. Como mujeres, tenemos que autoempoderarnos y permitir que nuestras voces seas escuchadas. Como <\/p>\n","protected":false},"author":7,"featured_media":0,"parent":0,"menu_order":0,"comment_status":"closed","ping_status":"closed","template":"","meta":{"footnotes":""},"class_list":["post-3810","page","type-page","status-publish","hentry"],"_links":{"self":[{"href":"https:\/\/www.taradhatusulamerica.com.br\/es\/wp-json\/wp\/v2\/pages\/3810","targetHints":{"allow":["GET"]}}],"collection":[{"href":"https:\/\/www.taradhatusulamerica.com.br\/es\/wp-json\/wp\/v2\/pages"}],"about":[{"href":"https:\/\/www.taradhatusulamerica.com.br\/es\/wp-json\/wp\/v2\/types\/page"}],"author":[{"embeddable":true,"href":"https:\/\/www.taradhatusulamerica.com.br\/es\/wp-json\/wp\/v2\/users\/7"}],"replies":[{"embeddable":true,"href":"https:\/\/www.taradhatusulamerica.com.br\/es\/wp-json\/wp\/v2\/comments?post=3810"}],"version-history":[{"count":1,"href":"https:\/\/www.taradhatusulamerica.com.br\/es\/wp-json\/wp\/v2\/pages\/3810\/revisions"}],"predecessor-version":[{"id":13569,"href":"https:\/\/www.taradhatusulamerica.com.br\/es\/wp-json\/wp\/v2\/pages\/3810\/revisions\/13569"}],"wp:attachment":[{"href":"https:\/\/www.taradhatusulamerica.com.br\/es\/wp-json\/wp\/v2\/media?parent=3810"}],"curies":[{"name":"wp","href":"https:\/\/api.w.org\/{rel}","templated":true}]}}