{"id":4205,"date":"2019-04-28T22:33:35","date_gmt":"2019-04-29T01:33:35","guid":{"rendered":"https:\/\/www.taradhatusulamerica.com.br\/loja\/donaciones\/"},"modified":"2019-08-12T17:51:56","modified_gmt":"2019-08-12T20:51:56","slug":"donaciones","status":"publish","type":"product","link":"https:\/\/www.taradhatusulamerica.com.br\/es\/produto\/donaciones\/","title":{"rendered":"Ayudar a TDSA"},"content":{"rendered":"<p>Si no desea comprometerse como miembro de TDSA, podr\u00e1 enviar contribuciones para sostener proyectos y eventos que apoyan muchas personas comprometidas en manifestar el potencial de iluminaci\u00f3n, visando enaltecer a humanidad.<\/p>\n<p>Cualquiera que sea el valor de su contribuci\u00f3n, \u00a1ser\u00e1 una grande ayuda para nosotros! Disponemos de opciones diferentes para las cuales usted pueda dirigir sus donaciones que incrementar\u00e1n significativamente, nuestras acciones y proyectos:<\/p>\n<ul>\n<li><strong>Becas de Estudios para Profesoras de TDSAPE<\/strong><\/li>\n<\/ul>\n<p>Propicia direcci\u00f3n y orientaci\u00f3n para aquellas inspiradas a involucrarse profundamente con y\/o compartir la Danza del Mandala de las 21 Alabanzas de Tara y las Danzas del Dharma.<\/p>\n<ul>\n<li><strong>Donaciones y Apoyo para los traductores<\/strong><\/li>\n<\/ul>\n<p>Contamos con un equipo de traductoras de la lengua inglesa y espa\u00f1ola que donan su trabajo para que podamos diseminar el material did\u00e1ctico de nuestro Programa Educacional, de los retiros, eventos y de esta p\u00e1gina Web. Su contribuci\u00f3n es un reconocimiento a este valioso trabajo que posibilita el acceso de muchas personas a las ense\u00f1anzas de Prema Dasara.<\/p>\n<ul>\n<li><strong>Proyectos Sociales<\/strong><\/li>\n<\/ul>\n<p>Nos hemos empe\u00f1ado en recaudar fondos para desarrollar una variedad de proyectos, como \u201cTara Doma los Ocho Miedos\u201d,. Las donaciones para estos proyectos beneficiar\u00e1n mujeres, adolescentes y ni\u00f1os.<\/p>\n<ul>\n<li><strong>Proyecto Tara Ling<\/strong><\/li>\n<\/ul>\n<p>La direcci\u00f3n y el equipo de TDSA comparten el sue\u00f1o de construir un centro de retiro, para realizar el Retiro Anual de Tara que ya lleg\u00f3 a la 14\u00aa edici\u00f3n, recibir personas en un ambiente adecuado y acogedor para retiros individuales, cortos o largos, eventos de las danzas, m\u00fasicas y pr\u00e1cticas meditativas. El prop\u00f3sito de estas donaciones, posibilitar\u00e1n la adquisici\u00f3n de un terreno y de la construcci\u00f3n de este espacio, donde Prema Dasara tambi\u00e9n podr\u00e1 residir.<\/p>\n<p>Informaci\u00f3n: <a href=\"mailto:taradhatusulamerica1@gmail.com\">taradhatusulamerica1@gmail.com<\/a><\/p>\n","protected":false},"excerpt":{"rendered":"<p>Si no desea comprometerse como miembro de TDSA, podr\u00e1 enviar contribuciones para sostener proyectos y eventos que apoyan muchas personas comprometidas en manifestar el potencial de iluminaci\u00f3n, visando enaltecer a humanidad. Cualquiera que sea el valor de su contribuci\u00f3n, \u00a1ser\u00e1 una grande ayuda para nosotros! Disponemos de opciones diferentes para las cuales usted pueda dirigir sus donaciones que incrementar\u00e1n significativamente, nuestras acciones y proyectos: Becas de Estudios para Profesoras de TDSAPE Propicia direcci\u00f3n y orientaci\u00f3n para aquellas inspiradas a involucrarse profundamente con y\/o compartir la Danza del Mandala de las 21 Alabanzas de Tara y las Danzas del Dharma. Donaciones <\/p>\n","protected":false},"featured_media":3729,"template":"","meta":[],"product_brand":[],"product_cat":[75,82],"product_tag":[],"class_list":{"0":"post-4205","1":"product","2":"type-product","3":"status-publish","4":"has-post-thumbnail","6":"product_cat-donacion","7":"product_cat-produtos-tdsa-es","8":"has_thumb","10":"first","11":"instock","12":"virtual","13":"purchasable","14":"product-type-simple","15":"nyp-product"},"_links":{"self":[{"href":"https:\/\/www.taradhatusulamerica.com.br\/es\/wp-json\/wp\/v2\/product\/4205","targetHints":{"allow":["GET"]}}],"collection":[{"href":"https:\/\/www.taradhatusulamerica.com.br\/es\/wp-json\/wp\/v2\/product"}],"about":[{"href":"https:\/\/www.taradhatusulamerica.com.br\/es\/wp-json\/wp\/v2\/types\/product"}],"wp:featuredmedia":[{"embeddable":true,"href":"https:\/\/www.taradhatusulamerica.com.br\/es\/wp-json\/wp\/v2\/media\/3729"}],"wp:attachment":[{"href":"https:\/\/www.taradhatusulamerica.com.br\/es\/wp-json\/wp\/v2\/media?parent=4205"}],"wp:term":[{"taxonomy":"product_brand","embeddable":true,"href":"https:\/\/www.taradhatusulamerica.com.br\/es\/wp-json\/wp\/v2\/product_brand?post=4205"},{"taxonomy":"product_cat","embeddable":true,"href":"https:\/\/www.taradhatusulamerica.com.br\/es\/wp-json\/wp\/v2\/product_cat?post=4205"},{"taxonomy":"product_tag","embeddable":true,"href":"https:\/\/www.taradhatusulamerica.com.br\/es\/wp-json\/wp\/v2\/product_tag?post=4205"}],"curies":[{"name":"wp","href":"https:\/\/api.w.org\/{rel}","templated":true}]}}