{"id":5137,"date":"2019-08-26T15:41:48","date_gmt":"2019-08-26T18:41:48","guid":{"rendered":"https:\/\/www.taradhatusulamerica.com.br\/loja\/cd-mandala-de-tara-mp3-download\/"},"modified":"2025-07-19T11:26:57","modified_gmt":"2025-07-19T14:26:57","slug":"cd-mandala-de-tara-mp3-download","status":"publish","type":"product","link":"https:\/\/www.taradhatusulamerica.com.br\/es\/produto\/cd-mandala-de-tara-mp3-download\/","title":{"rendered":"CD Mandala de Tara &#8211; MP3 Download Espa\u00f1ol"},"content":{"rendered":"<p>Creado por Prema Dasara, el baile se basa en una antigua pr\u00e1ctica de alabanza budista tibetana, incorporando a la Gran Diosa Tara, la Madre de la Compasi\u00f3n y la Sabidur\u00eda. La m\u00fasica es profundamente meditativa, sugerente y r\u00edtmica. La m\u00fasica de baile de 21 cualidades de Tara tambi\u00e9n se incluye en este CD.<\/p>\n<p>Este ritual es ofrecido por grupos de bailarines de todo el mundo como una oraci\u00f3n de paz, protecci\u00f3n, sabidur\u00eda y habilidad. Es una pr\u00e1ctica de poder y bendici\u00f3n.<\/p>\n<p>Pistas de CD en portugu\u00e9s<\/p>\n<p>1- Oraci\u00f3n de Motivaci\u00f3n &#8211; Duraci\u00f3n 03&#8217;02 \u00bb<br \/>\n2- Oraci\u00f3n de la Bodhicitta&gt; Shantideva &#8211; Duraci\u00f3n 04&#8217;22 \u00bb<br \/>\n3- Refugio y Boddhicitta &#8211; Duraci\u00f3n 04&#8217;25 \u00bb<br \/>\n4- Danza Mandala de las 21 oraciones de Tara &#8211; Duraci\u00f3n 35&#8217;18 \u00bb<br \/>\n5- Tara Mantra &#8211; Duraci\u00f3n 06&#8217;07 \u00bb<br \/>\n6- Baile de las 21 cualidades de Tara &#8211; Duraci\u00f3n 23&#8217;27 \u00ab<\/p>\n","protected":false},"excerpt":{"rendered":"<p>Este CD est\u00e1 basado en la m\u00fasica de baile utilizada en el Mandala de oraci\u00f3n 21 de Tara.<\/p>\n<p>La m\u00fasica de todas las pistas est\u00e1 organizada e interpretada por Anahata Iradah y Prema Dasara.<\/p>\n<p>Puedes elegir la versi\u00f3n portuguesa o espa\u00f1ola.<\/p>\n","protected":false},"featured_media":2078,"template":"","meta":[],"product_brand":[],"product_cat":[79,76,82],"product_tag":[],"class_list":{"0":"post-5137","1":"product","2":"type-product","3":"status-publish","4":"has-post-thumbnail","6":"product_cat-mp3-es","7":"product_cat-espanol","8":"product_cat-produtos-tdsa-es","9":"has_thumb","11":"first","12":"instock","13":"downloadable","14":"virtual","15":"purchasable","16":"product-type-simple"},"_links":{"self":[{"href":"https:\/\/www.taradhatusulamerica.com.br\/es\/wp-json\/wp\/v2\/product\/5137","targetHints":{"allow":["GET"]}}],"collection":[{"href":"https:\/\/www.taradhatusulamerica.com.br\/es\/wp-json\/wp\/v2\/product"}],"about":[{"href":"https:\/\/www.taradhatusulamerica.com.br\/es\/wp-json\/wp\/v2\/types\/product"}],"wp:featuredmedia":[{"embeddable":true,"href":"https:\/\/www.taradhatusulamerica.com.br\/es\/wp-json\/wp\/v2\/media\/2078"}],"wp:attachment":[{"href":"https:\/\/www.taradhatusulamerica.com.br\/es\/wp-json\/wp\/v2\/media?parent=5137"}],"wp:term":[{"taxonomy":"product_brand","embeddable":true,"href":"https:\/\/www.taradhatusulamerica.com.br\/es\/wp-json\/wp\/v2\/product_brand?post=5137"},{"taxonomy":"product_cat","embeddable":true,"href":"https:\/\/www.taradhatusulamerica.com.br\/es\/wp-json\/wp\/v2\/product_cat?post=5137"},{"taxonomy":"product_tag","embeddable":true,"href":"https:\/\/www.taradhatusulamerica.com.br\/es\/wp-json\/wp\/v2\/product_tag?post=5137"}],"curies":[{"name":"wp","href":"https:\/\/api.w.org\/{rel}","templated":true}]}}