{"id":8842,"date":"2019-11-11T16:18:28","date_gmt":"2019-11-11T19:18:28","guid":{"rendered":"https:\/\/www.taradhatusulamerica.com.br\/produto\/buda-de-la-medicina-mp3\/"},"modified":"2020-06-05T11:51:51","modified_gmt":"2020-06-05T14:51:51","slug":"buda-de-la-medicina-mp3","status":"publish","type":"product","link":"https:\/\/www.taradhatusulamerica.com.br\/es\/produto\/buda-de-la-medicina-mp3\/","title":{"rendered":"Buda de la medicina &#8211; MP3"},"content":{"rendered":"<p style=\"text-align: center;\">Este mp3 es de la pr\u00e1ctica del Buda de la Medicina, que llega al coraz\u00f3n de nuestro dolor,<\/p>\n<p style=\"text-align: center;\">mostrando una salida al sufrimiento.<\/p>\n<p style=\"text-align: center;\">Esta oraci\u00f3n de alabanza de cuatro l\u00edneas provino de una traducci\u00f3n de un texto tradicional.<br \/>\nutilizado por las monjas de Kopan cuando construyeron el Mandala de arena para el Buda de<\/p>\n<p style=\"text-align: center;\">Medicina<\/p>\n<p style=\"text-align: center;\">El mantra apela a las cualidades curativas de la mente despierta.<\/p>\n","protected":false},"excerpt":{"rendered":"<p style=\"text-align: center;\">Buda de la medicina<br \/>\nMusica en espa\u00f1ol<br \/>\nDuraci\u00f3n: 13&#8217;08 \u00ab<\/p>\n","protected":false},"featured_media":2082,"template":"","meta":[],"product_brand":[],"product_cat":[79,76,82],"product_tag":[],"class_list":{"0":"post-8842","1":"product","2":"type-product","3":"status-publish","4":"has-post-thumbnail","6":"product_cat-mp3-es","7":"product_cat-espanol","8":"product_cat-produtos-tdsa-es","9":"has_thumb","11":"first","12":"instock","13":"downloadable","14":"virtual","15":"purchasable","16":"product-type-simple"},"_links":{"self":[{"href":"https:\/\/www.taradhatusulamerica.com.br\/es\/wp-json\/wp\/v2\/product\/8842","targetHints":{"allow":["GET"]}}],"collection":[{"href":"https:\/\/www.taradhatusulamerica.com.br\/es\/wp-json\/wp\/v2\/product"}],"about":[{"href":"https:\/\/www.taradhatusulamerica.com.br\/es\/wp-json\/wp\/v2\/types\/product"}],"wp:featuredmedia":[{"embeddable":true,"href":"https:\/\/www.taradhatusulamerica.com.br\/es\/wp-json\/wp\/v2\/media\/2082"}],"wp:attachment":[{"href":"https:\/\/www.taradhatusulamerica.com.br\/es\/wp-json\/wp\/v2\/media?parent=8842"}],"wp:term":[{"taxonomy":"product_brand","embeddable":true,"href":"https:\/\/www.taradhatusulamerica.com.br\/es\/wp-json\/wp\/v2\/product_brand?post=8842"},{"taxonomy":"product_cat","embeddable":true,"href":"https:\/\/www.taradhatusulamerica.com.br\/es\/wp-json\/wp\/v2\/product_cat?post=8842"},{"taxonomy":"product_tag","embeddable":true,"href":"https:\/\/www.taradhatusulamerica.com.br\/es\/wp-json\/wp\/v2\/product_tag?post=8842"}],"curies":[{"name":"wp","href":"https:\/\/api.w.org\/{rel}","templated":true}]}}