{"id":8843,"date":"2019-11-11T16:23:10","date_gmt":"2019-11-11T19:23:10","guid":{"rendered":"https:\/\/www.taradhatusulamerica.com.br\/produto\/chi-lel-la-cura-del-cielo-azul\/"},"modified":"2019-11-11T16:23:10","modified_gmt":"2019-11-11T19:23:10","slug":"chi-lel-la-cura-del-cielo-azul","status":"publish","type":"product","link":"https:\/\/www.taradhatusulamerica.com.br\/es\/produto\/chi-lel-la-cura-del-cielo-azul\/","title":{"rendered":"Chi Lel &#8211; La cura del cielo azul"},"content":{"rendered":"<p style=\"text-align: center;\">Es una pr\u00e1ctica de Chi Kung.<\/p>\n<p style=\"text-align: center;\">Inspirado por el Centro Quigong Zhineng Huaxia de China, fue llevado a Occidente por el Maestro Lucas Chan (www.chilel-qigong.com).<\/p>\n<p style=\"text-align: center;\">Esta versi\u00f3n de la serie de pr\u00e1ctica \u00abLevanta Chi, Chi Pour Down\u00bb ha sido adaptada por Prema Dasara.<\/p>\n<p style=\"text-align: center;\">Innumerables personas han curado cualquier tipo de condici\u00f3n f\u00edsica debilitante a trav\u00e9s de<br \/>\nChi Lel Chi-Kung, m\u00e9todos desarrollados por el Gran Maestro Dr. Pang Ming.<br \/>\n\u00abHoula\u00bb &#8211; Ser curado, alimentado, protegido e inspirado.<\/p>\n<p style=\"text-align: center;\">Traducci\u00f3n: Leila Francischelli<br \/>\nNarraci\u00f3n: Ivanna Spector<\/p>\n","protected":false},"excerpt":{"rendered":"<p style=\"text-align: center\">CHI LEL: La curaci\u00f3n del cielo azul<br \/>\nMeditaci\u00f3n en espa\u00f1ol<br \/>\nDuraci\u00f3n &#8211; 17:45<\/p>\n","protected":false},"featured_media":2098,"template":"","meta":[],"product_brand":[],"product_cat":[127,79,76,82],"product_tag":[],"class_list":{"0":"post-8843","1":"product","2":"type-product","3":"status-publish","4":"has-post-thumbnail","6":"product_cat-mantra","7":"product_cat-mp3-es","8":"product_cat-espanol","9":"product_cat-produtos-tdsa-es","10":"has_thumb","12":"first","13":"instock","14":"downloadable","15":"virtual","16":"purchasable","17":"product-type-simple"},"_links":{"self":[{"href":"https:\/\/www.taradhatusulamerica.com.br\/es\/wp-json\/wp\/v2\/product\/8843","targetHints":{"allow":["GET"]}}],"collection":[{"href":"https:\/\/www.taradhatusulamerica.com.br\/es\/wp-json\/wp\/v2\/product"}],"about":[{"href":"https:\/\/www.taradhatusulamerica.com.br\/es\/wp-json\/wp\/v2\/types\/product"}],"wp:featuredmedia":[{"embeddable":true,"href":"https:\/\/www.taradhatusulamerica.com.br\/es\/wp-json\/wp\/v2\/media\/2098"}],"wp:attachment":[{"href":"https:\/\/www.taradhatusulamerica.com.br\/es\/wp-json\/wp\/v2\/media?parent=8843"}],"wp:term":[{"taxonomy":"product_brand","embeddable":true,"href":"https:\/\/www.taradhatusulamerica.com.br\/es\/wp-json\/wp\/v2\/product_brand?post=8843"},{"taxonomy":"product_cat","embeddable":true,"href":"https:\/\/www.taradhatusulamerica.com.br\/es\/wp-json\/wp\/v2\/product_cat?post=8843"},{"taxonomy":"product_tag","embeddable":true,"href":"https:\/\/www.taradhatusulamerica.com.br\/es\/wp-json\/wp\/v2\/product_tag?post=8843"}],"curies":[{"name":"wp","href":"https:\/\/api.w.org\/{rel}","templated":true}]}}