{"id":9170,"date":"2019-11-18T13:47:04","date_gmt":"2019-11-18T16:47:04","guid":{"rendered":"https:\/\/www.taradhatusulamerica.com.br\/produto\/cd-tara-mandala-21-oraciones\/"},"modified":"2019-11-18T13:47:04","modified_gmt":"2019-11-18T16:47:04","slug":"cd-tara-mandala-21-oraciones","status":"publish","type":"product","link":"https:\/\/www.taradhatusulamerica.com.br\/es\/produto\/cd-tara-mandala-21-oraciones\/","title":{"rendered":"CD Tara Mandala 21 Oraciones"},"content":{"rendered":"<p>Creado por Prema Dasara, el baile se basa en una antigua pr\u00e1ctica de alabanza budista tibetana, incorporando a la Gran Diosa Tara, la Madre de la Compasi\u00f3n y la Sabidur\u00eda. La m\u00fasica es profundamente meditativa, sugerente y r\u00edtmica. La m\u00fasica de baile de 21 cualidades de Tara tambi\u00e9n se incluye en este CD.<\/p>\n<p>Este ritual es ofrecido por grupos de bailarines de todo el mundo como una oraci\u00f3n de paz, protecci\u00f3n, sabidur\u00eda y habilidad. Es una pr\u00e1ctica de poder y bendici\u00f3n.<\/p>\n<p>Pistas de CD en espa\u00f1ol<\/p>\n<p>1- Oraci\u00f3n de Motivaci\u00f3n &#8211; Duraci\u00f3n 03&#8217;02 \u00bb<br \/>\n2- Oraci\u00f3n de la Bodhicitta&gt; Shantideva &#8211; Duraci\u00f3n 04&#8217;22 \u00bb<br \/>\n3- Refugio y Boddhicitta &#8211; Duraci\u00f3n 04&#8217;25 \u00bb<br \/>\n4- Danza Mandala de las 21 oraciones de Tara &#8211; Longitud 35&#8217;18 \u00bb<br \/>\n5- Tara Mantra &#8211; Duraci\u00f3n 06&#8217;07 \u00bb<br \/>\n6- Baile de las 21 cualidades de Tara &#8211; Longitud 23&#8217;27 \u00ab<\/p>\n","protected":false},"excerpt":{"rendered":"<p style=\"text-align: center\">Este CD est\u00e1 basado en la m\u00fasica de baile utilizada en el Mandala de oraci\u00f3n 21 de Tara.<\/p>\n<p style=\"text-align: center\">La m\u00fasica de todas las pistas est\u00e1 organizada e interpretada por Anahata Iradah y Prema Dasara.<\/p>\n<p style=\"text-align: center\">Puedes elegir la versi\u00f3n portuguesa o espa\u00f1ola. Tambi\u00e9n puede comprar los 2 CD para tener la versi\u00f3n en 2 idiomas.<\/p>\n","protected":false},"featured_media":2078,"template":"","meta":[],"product_brand":[],"product_cat":[74,76,82],"product_tag":[],"class_list":{"0":"post-9170","1":"product","2":"type-product","3":"status-publish","4":"has-post-thumbnail","6":"product_cat-dvd-es","7":"product_cat-espanol","8":"product_cat-produtos-tdsa-es","9":"has_thumb","11":"first","12":"instock","13":"shipping-taxable","14":"purchasable","15":"product-type-simple"},"_links":{"self":[{"href":"https:\/\/www.taradhatusulamerica.com.br\/es\/wp-json\/wp\/v2\/product\/9170","targetHints":{"allow":["GET"]}}],"collection":[{"href":"https:\/\/www.taradhatusulamerica.com.br\/es\/wp-json\/wp\/v2\/product"}],"about":[{"href":"https:\/\/www.taradhatusulamerica.com.br\/es\/wp-json\/wp\/v2\/types\/product"}],"wp:featuredmedia":[{"embeddable":true,"href":"https:\/\/www.taradhatusulamerica.com.br\/es\/wp-json\/wp\/v2\/media\/2078"}],"wp:attachment":[{"href":"https:\/\/www.taradhatusulamerica.com.br\/es\/wp-json\/wp\/v2\/media?parent=9170"}],"wp:term":[{"taxonomy":"product_brand","embeddable":true,"href":"https:\/\/www.taradhatusulamerica.com.br\/es\/wp-json\/wp\/v2\/product_brand?post=9170"},{"taxonomy":"product_cat","embeddable":true,"href":"https:\/\/www.taradhatusulamerica.com.br\/es\/wp-json\/wp\/v2\/product_cat?post=9170"},{"taxonomy":"product_tag","embeddable":true,"href":"https:\/\/www.taradhatusulamerica.com.br\/es\/wp-json\/wp\/v2\/product_tag?post=9170"}],"curies":[{"name":"wp","href":"https:\/\/api.w.org\/{rel}","templated":true}]}}