{"id":9171,"date":"2019-11-18T14:01:58","date_gmt":"2019-11-18T17:01:58","guid":{"rendered":"https:\/\/www.taradhatusulamerica.com.br\/produto\/oracion-a-la-reina-de-la-compasion-arya-tara\/"},"modified":"2019-11-18T14:01:58","modified_gmt":"2019-11-18T17:01:58","slug":"oracion-a-la-reina-de-la-compasion-arya-tara","status":"publish","type":"product","link":"https:\/\/www.taradhatusulamerica.com.br\/es\/produto\/oracion-a-la-reina-de-la-compasion-arya-tara\/","title":{"rendered":"Oraci\u00f3n a la Reina de la Compasi\u00f3n, Arya Tara."},"content":{"rendered":"<p style=\"text-align: center;\"><strong>Oraci\u00f3n a la Reina de la Compasi\u00f3n, Arya Tara<\/strong><\/p>\n<p style=\"text-align: center;\"><strong>Calliing con devoci\u00f3n desde un coraz\u00f3n sincero<\/strong><\/p>\n<p style=\"text-align: center;\">Anam Thubten es un venerado maestro de dharma que ha vivido en Occidente durante m\u00e1s de 20 a\u00f1os. Nacido en el T\u00edbet, es el receptor de profundas ense\u00f1anzas de linaje. Es el fundador y asesor espiritual de la Fundaci\u00f3n Dharmata, que ense\u00f1a ampliamente en los Estados Unidos y en el extranjero.<\/p>\n<p style=\"text-align: center;\">En un avi\u00f3n un a\u00f1o tuvo una visi\u00f3n de Tara. Con el coraz\u00f3n desbordado de profundo sentimiento e inspiraci\u00f3n, le escribi\u00f3 esta hermosa oraci\u00f3n. \u00c9l cre\u00f3 la melod\u00eda mantra. \u00c9l dice: \u201ccon la primera parte del mantra, la estamos llamando desde nuestro coraz\u00f3n, con la segunda parte imaginamos que est\u00e1 susurrando en nuestro o\u00eddo.<\/p>\n<p style=\"text-align: center;\">Con la lectura resonante de Prema Dasara y la voz llena de devoci\u00f3n de Anam, esta pieza es una ense\u00f1anza profunda y un dulce camino hacia las profundidades del amor del coraz\u00f3n por la Gran Madre Tara.<\/p>\n","protected":false},"excerpt":{"rendered":"<p style=\"text-align: center\">Author and recitation of Mantra Anam Thubten.<br \/>\nPrema Dasara Guided Meditation.<\/p>\n<p style=\"text-align: center\">Duration: 15:15<\/p>\n","protected":false},"featured_media":4612,"template":"","meta":[],"product_brand":[],"product_cat":[149,79,76,82],"product_tag":[],"class_list":{"0":"post-9171","1":"product","2":"type-product","3":"status-publish","4":"has-post-thumbnail","6":"product_cat-mantra-es","7":"product_cat-mp3-es","8":"product_cat-espanol","9":"product_cat-produtos-tdsa-es","10":"has_thumb","12":"first","13":"instock","14":"downloadable","15":"virtual","16":"purchasable","17":"product-type-simple"},"_links":{"self":[{"href":"https:\/\/www.taradhatusulamerica.com.br\/es\/wp-json\/wp\/v2\/product\/9171","targetHints":{"allow":["GET"]}}],"collection":[{"href":"https:\/\/www.taradhatusulamerica.com.br\/es\/wp-json\/wp\/v2\/product"}],"about":[{"href":"https:\/\/www.taradhatusulamerica.com.br\/es\/wp-json\/wp\/v2\/types\/product"}],"wp:featuredmedia":[{"embeddable":true,"href":"https:\/\/www.taradhatusulamerica.com.br\/es\/wp-json\/wp\/v2\/media\/4612"}],"wp:attachment":[{"href":"https:\/\/www.taradhatusulamerica.com.br\/es\/wp-json\/wp\/v2\/media?parent=9171"}],"wp:term":[{"taxonomy":"product_brand","embeddable":true,"href":"https:\/\/www.taradhatusulamerica.com.br\/es\/wp-json\/wp\/v2\/product_brand?post=9171"},{"taxonomy":"product_cat","embeddable":true,"href":"https:\/\/www.taradhatusulamerica.com.br\/es\/wp-json\/wp\/v2\/product_cat?post=9171"},{"taxonomy":"product_tag","embeddable":true,"href":"https:\/\/www.taradhatusulamerica.com.br\/es\/wp-json\/wp\/v2\/product_tag?post=9171"}],"curies":[{"name":"wp","href":"https:\/\/api.w.org\/{rel}","templated":true}]}}