{"id":9172,"date":"2019-11-18T14:03:41","date_gmt":"2019-11-18T17:03:41","guid":{"rendered":"https:\/\/www.taradhatusulamerica.com.br\/produto\/chamando-tara-del-corazon-mp3\/"},"modified":"2019-11-18T14:03:41","modified_gmt":"2019-11-18T17:03:41","slug":"chamando-tara-del-corazon-mp3","status":"publish","type":"product","link":"https:\/\/www.taradhatusulamerica.com.br\/es\/produto\/chamando-tara-del-corazon-mp3\/","title":{"rendered":"Chamando Tara del Corazon &#8211; MP3"},"content":{"rendered":"<p style=\"text-align: center;\">\u00abLlamar a Tara desde el coraz\u00f3n es una danza meditativa profundamente conmovedora<br \/>\nbasado en una pr\u00e1ctica Sadhana Dzogchen por Dudjom Rimpoch\u00e9. Prema mont\u00f3 el<br \/>\nmeditaci\u00f3n y compartirlo con mucho sentimiento. El arreglo musical es cantado por Mercedes<br \/>\nBahleda (la voz detr\u00e1s de Tara Blanca de los 6 Escudos). Ella viene de su album<br \/>\ntitulado \u00abMercy Songs\u00bb disponible en Amazon e iTunes. Mira tu sitio,<br \/>\nhttp:\/\/www.mercedesbahleda.net\/ para m\u00e1s informaci\u00f3n sobre este exquisito artista. \u201d- Prema Dasara.<\/p>\n<p style=\"text-align: center;\">Llamar a Tara desde el coraz\u00f3n es una profunda meditaci\u00f3n de baile.<br \/>\nBasado en un tesoro de la mente de las reflexiones m\u00e1s poderosas de los budistas tibetanos,<br \/>\njunto con la encantadora y poderosa m\u00fasica de Mercedes Bahleda, esta es una<br \/>\nexperiencia profundamente devocional de energ\u00edas poderosas que despiertan nuestro ser.<br \/>\nM\u00fasica: Mercedes Bahleda<br \/>\nMeditaci\u00f3n Guiada: Ivanna Spector<\/p>\n","protected":false},"excerpt":{"rendered":"<p style=\"text-align: center\">LLAMANDO CORAZ\u00d3N TARA> MP3<br \/>\nM\u00fasica espa\u00f1ola y meditaci\u00f3n<br \/>\nDuraci\u00f3n &#8211; 10:56<\/p>\n","protected":false},"featured_media":2080,"template":"","meta":[],"product_brand":[],"product_cat":[127,79,76,82],"product_tag":[],"class_list":{"0":"post-9172","1":"product","2":"type-product","3":"status-publish","4":"has-post-thumbnail","6":"product_cat-mantra","7":"product_cat-mp3-es","8":"product_cat-espanol","9":"product_cat-produtos-tdsa-es","10":"has_thumb","12":"first","13":"instock","14":"downloadable","15":"virtual","16":"purchasable","17":"product-type-simple"},"_links":{"self":[{"href":"https:\/\/www.taradhatusulamerica.com.br\/es\/wp-json\/wp\/v2\/product\/9172","targetHints":{"allow":["GET"]}}],"collection":[{"href":"https:\/\/www.taradhatusulamerica.com.br\/es\/wp-json\/wp\/v2\/product"}],"about":[{"href":"https:\/\/www.taradhatusulamerica.com.br\/es\/wp-json\/wp\/v2\/types\/product"}],"wp:featuredmedia":[{"embeddable":true,"href":"https:\/\/www.taradhatusulamerica.com.br\/es\/wp-json\/wp\/v2\/media\/2080"}],"wp:attachment":[{"href":"https:\/\/www.taradhatusulamerica.com.br\/es\/wp-json\/wp\/v2\/media?parent=9172"}],"wp:term":[{"taxonomy":"product_brand","embeddable":true,"href":"https:\/\/www.taradhatusulamerica.com.br\/es\/wp-json\/wp\/v2\/product_brand?post=9172"},{"taxonomy":"product_cat","embeddable":true,"href":"https:\/\/www.taradhatusulamerica.com.br\/es\/wp-json\/wp\/v2\/product_cat?post=9172"},{"taxonomy":"product_tag","embeddable":true,"href":"https:\/\/www.taradhatusulamerica.com.br\/es\/wp-json\/wp\/v2\/product_tag?post=9172"}],"curies":[{"name":"wp","href":"https:\/\/api.w.org\/{rel}","templated":true}]}}