{"id":9173,"date":"2019-11-18T14:05:30","date_gmt":"2019-11-18T17:05:30","guid":{"rendered":"https:\/\/www.taradhatusulamerica.com.br\/produto\/tara-doma-los-ocho-miedos-mp3\/"},"modified":"2019-11-18T14:05:30","modified_gmt":"2019-11-18T17:05:30","slug":"tara-doma-los-ocho-miedos-mp3","status":"publish","type":"product","link":"https:\/\/www.taradhatusulamerica.com.br\/es\/produto\/tara-doma-los-ocho-miedos-mp3\/","title":{"rendered":"Tara Doma los Ocho Miedos &#8211; MP3"},"content":{"rendered":"<p style=\"text-align: center;\">Como voc\u00ea lida com o fogo da raiva? Como voc\u00ea lida com a Serpente da inveja? Com<br \/>\nesta m\u00fasica que se realiza esta pratica onde as crian\u00e7as dan\u00e7am, cantam e di\u00e1logam<br \/>\nsobre seu caminho atrav\u00e9s de um cl\u00e1ssico budista tibetano que dramatiza oito desafios<br \/>\nemocionais, incluindo o Dem\u00f4nio da D\u00favida e o Oceano do Desejo.<\/p>\n<p style=\"text-align: center;\">Aten\u00e7\u00e3o! Temos a vers\u00e3o em Portugu\u00eas!<\/p>\n","protected":false},"excerpt":{"rendered":"<p style=\"text-align: center\">TARA DOMA LOS OCHO MIEDOS > MP3<br \/>\nTara Doma os Oito Medos<br \/>\nM\u00fasica em Espanhol<br \/>\nDura\u00e7\u00e3o &#8211; 24:38<\/p>\n","protected":false},"featured_media":2106,"template":"","meta":[],"product_brand":[],"product_cat":[79,76,82],"product_tag":[159,160],"class_list":{"0":"post-9173","1":"product","2":"type-product","3":"status-publish","4":"has-post-thumbnail","6":"product_cat-mp3-es","7":"product_cat-espanol","8":"product_cat-produtos-tdsa-es","9":"product_tag-mp3-es","10":"product_tag-tara-doma-los-ocho-miedos-es","11":"has_thumb","13":"first","14":"instock","15":"downloadable","16":"virtual","17":"purchasable","18":"product-type-simple"},"_links":{"self":[{"href":"https:\/\/www.taradhatusulamerica.com.br\/es\/wp-json\/wp\/v2\/product\/9173","targetHints":{"allow":["GET"]}}],"collection":[{"href":"https:\/\/www.taradhatusulamerica.com.br\/es\/wp-json\/wp\/v2\/product"}],"about":[{"href":"https:\/\/www.taradhatusulamerica.com.br\/es\/wp-json\/wp\/v2\/types\/product"}],"wp:featuredmedia":[{"embeddable":true,"href":"https:\/\/www.taradhatusulamerica.com.br\/es\/wp-json\/wp\/v2\/media\/2106"}],"wp:attachment":[{"href":"https:\/\/www.taradhatusulamerica.com.br\/es\/wp-json\/wp\/v2\/media?parent=9173"}],"wp:term":[{"taxonomy":"product_brand","embeddable":true,"href":"https:\/\/www.taradhatusulamerica.com.br\/es\/wp-json\/wp\/v2\/product_brand?post=9173"},{"taxonomy":"product_cat","embeddable":true,"href":"https:\/\/www.taradhatusulamerica.com.br\/es\/wp-json\/wp\/v2\/product_cat?post=9173"},{"taxonomy":"product_tag","embeddable":true,"href":"https:\/\/www.taradhatusulamerica.com.br\/es\/wp-json\/wp\/v2\/product_tag?post=9173"}],"curies":[{"name":"wp","href":"https:\/\/api.w.org\/{rel}","templated":true}]}}