{"id":9175,"date":"2019-11-18T14:08:06","date_gmt":"2019-11-18T17:08:06","guid":{"rendered":"https:\/\/www.taradhatusulamerica.com.br\/produto\/shantideva-con-el-deseo-de-liberar-a-todos-los-seres-mp3\/"},"modified":"2019-11-18T14:08:06","modified_gmt":"2019-11-18T17:08:06","slug":"shantideva-con-el-deseo-de-liberar-a-todos-los-seres-mp3","status":"publish","type":"product","link":"https:\/\/www.taradhatusulamerica.com.br\/es\/produto\/shantideva-con-el-deseo-de-liberar-a-todos-los-seres-mp3\/","title":{"rendered":"Shantideva &#8211; Con el deseo de liberar a todos los seres &#8211; MP3"},"content":{"rendered":"<p style=\"text-align: center\">Bodhichitta \u00e9 baseado em nosso desejo de liberar todos os seres do sofrimento.<br \/>\nQuando Sua Santidade, o 14 o Dalai Lama viajou por todos os pa\u00edses de l\u00edngua inglesa,<br \/>\nele obteve uma vers\u00e3o desta ora\u00e7\u00e3o por Shantideva distribu\u00eddo aos alunos.<br \/>\nEsta can\u00e7\u00e3o foi adaptada a partir desse texto e modificada por Prema Dasara que a<br \/>\ncompartilha em todo o mundo como uma pr\u00e1tica de sagrada dan\u00e7a.<br \/>\nVerdadeiramente o maior presente que podemos dar ao mundo \u00e9 tornar-nos plenamente<br \/>\niluminados. Quanto mais esclarecidos estamos, mais capazes somos de ver com<br \/>\nclareza as causas do sofrimento e com um cora\u00e7\u00e3o cheio de amor podemos inspirar \u00e0<br \/>\ntodos a se encontrarem para que alcan\u00e7em suas maiores realiza\u00e7\u00f5es.<br \/>\nAten\u00e7\u00e3o! Tamb\u00e9m temos a vers\u00e3o em portugu\u00eas!<\/p>\n","protected":false},"excerpt":{"rendered":"<p style=\"text-align: center\">SHANTIDEVA &#8211; Con el deseo de liberar a todos los seres > MP3<br \/>\nM\u00fasica em Espanhol<br \/>\nDura\u00e7\u00e3o &#8211; 4:19<\/p>\n","protected":false},"featured_media":2094,"template":"","meta":[],"product_brand":[],"product_cat":[79,76,82],"product_tag":[159,162],"class_list":{"0":"post-9175","1":"product","2":"type-product","3":"status-publish","4":"has-post-thumbnail","6":"product_cat-mp3-es","7":"product_cat-espanol","8":"product_cat-produtos-tdsa-es","9":"product_tag-mp3-es","10":"product_tag-shantideva-es","11":"has_thumb","13":"first","14":"instock","15":"downloadable","16":"virtual","17":"purchasable","18":"product-type-simple"},"_links":{"self":[{"href":"https:\/\/www.taradhatusulamerica.com.br\/es\/wp-json\/wp\/v2\/product\/9175","targetHints":{"allow":["GET"]}}],"collection":[{"href":"https:\/\/www.taradhatusulamerica.com.br\/es\/wp-json\/wp\/v2\/product"}],"about":[{"href":"https:\/\/www.taradhatusulamerica.com.br\/es\/wp-json\/wp\/v2\/types\/product"}],"wp:featuredmedia":[{"embeddable":true,"href":"https:\/\/www.taradhatusulamerica.com.br\/es\/wp-json\/wp\/v2\/media\/2094"}],"wp:attachment":[{"href":"https:\/\/www.taradhatusulamerica.com.br\/es\/wp-json\/wp\/v2\/media?parent=9175"}],"wp:term":[{"taxonomy":"product_brand","embeddable":true,"href":"https:\/\/www.taradhatusulamerica.com.br\/es\/wp-json\/wp\/v2\/product_brand?post=9175"},{"taxonomy":"product_cat","embeddable":true,"href":"https:\/\/www.taradhatusulamerica.com.br\/es\/wp-json\/wp\/v2\/product_cat?post=9175"},{"taxonomy":"product_tag","embeddable":true,"href":"https:\/\/www.taradhatusulamerica.com.br\/es\/wp-json\/wp\/v2\/product_tag?post=9175"}],"curies":[{"name":"wp","href":"https:\/\/api.w.org\/{rel}","templated":true}]}}