{"id":9186,"date":"2019-04-28T20:57:47","date_gmt":"2019-11-18T18:41:26","guid":{"rendered":"https:\/\/www.taradhatusulamerica.com.br\/produto\/danzando-tara-un-manual-de-practiva-como-vivir-el-sueno\/"},"modified":"2019-11-18T15:41:26","modified_gmt":"2019-11-18T18:41:26","slug":"danzando-tara-un-manual-de-practiva-como-vivir-el-sueno","status":"publish","type":"product","link":"https:\/\/www.taradhatusulamerica.com.br\/es\/produto\/danzando-tara-un-manual-de-practiva-como-vivir-el-sueno\/","title":{"rendered":"Danzando Tara &#8211; Un Manual de Pr\u00e1ctiva&#8230; C\u00f3mo vivir el sue\u00f1o"},"content":{"rendered":"","protected":false},"excerpt":{"rendered":"","protected":false},"featured_media":1253,"template":"","meta":[],"product_brand":[],"product_cat":[83,76,82],"product_tag":[],"class_list":{"0":"post-9186","1":"product","2":"type-product","3":"status-publish","4":"has-post-thumbnail","6":"product_cat-e-book-es","7":"product_cat-espanol","8":"product_cat-produtos-tdsa-es","9":"has_thumb","11":"first","12":"instock","13":"downloadable","14":"virtual","15":"purchasable","16":"product-type-simple"},"_links":{"self":[{"href":"https:\/\/www.taradhatusulamerica.com.br\/es\/wp-json\/wp\/v2\/product\/9186","targetHints":{"allow":["GET"]}}],"collection":[{"href":"https:\/\/www.taradhatusulamerica.com.br\/es\/wp-json\/wp\/v2\/product"}],"about":[{"href":"https:\/\/www.taradhatusulamerica.com.br\/es\/wp-json\/wp\/v2\/types\/product"}],"wp:featuredmedia":[{"embeddable":true,"href":"https:\/\/www.taradhatusulamerica.com.br\/es\/wp-json\/wp\/v2\/media\/1253"}],"wp:attachment":[{"href":"https:\/\/www.taradhatusulamerica.com.br\/es\/wp-json\/wp\/v2\/media?parent=9186"}],"wp:term":[{"taxonomy":"product_brand","embeddable":true,"href":"https:\/\/www.taradhatusulamerica.com.br\/es\/wp-json\/wp\/v2\/product_brand?post=9186"},{"taxonomy":"product_cat","embeddable":true,"href":"https:\/\/www.taradhatusulamerica.com.br\/es\/wp-json\/wp\/v2\/product_cat?post=9186"},{"taxonomy":"product_tag","embeddable":true,"href":"https:\/\/www.taradhatusulamerica.com.br\/es\/wp-json\/wp\/v2\/product_tag?post=9186"}],"curies":[{"name":"wp","href":"https:\/\/api.w.org\/{rel}","templated":true}]}}